{"id":183,"date":"2017-01-03T05:33:57","date_gmt":"2017-01-03T05:33:57","guid":{"rendered":"https:\/\/raratheme.com\/preview\/construction-landing-page\/?page_id=183"},"modified":"2018-12-21T17:55:48","modified_gmt":"2018-12-21T17:55:48","slug":"about-construction","status":"publish","type":"page","link":"https:\/\/mcollado.com\/index.php\/about-construction\/","title":{"rendered":"Construccions MCollado"},"content":{"rendered":"<p>Somos una empresa de construcciones y reformas con m\u00e1s de 25 a\u00f1os de experiencia, dirigida por personal altamente cualificado, adapt\u00e1ndose a las necesidades de nuestros clientes y sus expectativas. Ubicados en Montorners del Valles, trabajamos en toda la provincia de Barcelona.<\/p>\n","protected":false},"excerpt":{"rendered":"<p>Somos una empresa de construcciones y reformas con m\u00e1s de 25 a\u00f1os de experiencia, dirigida por personal altamente cualificado, adapt\u00e1ndose &hellip; <\/p>\n","protected":false},"author":1,"featured_media":0,"parent":0,"menu_order":0,"comment_status":"closed","ping_status":"closed","template":"","meta":{"footnotes":""},"class_list":["post-183","page","type-page","status-publish","hentry"],"_links":{"self":[{"href":"https:\/\/mcollado.com\/index.php\/wp-json\/wp\/v2\/pages\/183"}],"collection":[{"href":"https:\/\/mcollado.com\/index.php\/wp-json\/wp\/v2\/pages"}],"about":[{"href":"https:\/\/mcollado.com\/index.php\/wp-json\/wp\/v2\/types\/page"}],"author":[{"embeddable":true,"href":"https:\/\/mcollado.com\/index.php\/wp-json\/wp\/v2\/users\/1"}],"replies":[{"embeddable":true,"href":"https:\/\/mcollado.com\/index.php\/wp-json\/wp\/v2\/comments?post=183"}],"version-history":[{"count":3,"href":"https:\/\/mcollado.com\/index.php\/wp-json\/wp\/v2\/pages\/183\/revisions"}],"predecessor-version":[{"id":246,"href":"https:\/\/mcollado.com\/index.php\/wp-json\/wp\/v2\/pages\/183\/revisions\/246"}],"wp:attachment":[{"href":"https:\/\/mcollado.com\/index.php\/wp-json\/wp\/v2\/media?parent=183"}],"curies":[{"name":"wp","href":"https:\/\/api.w.org\/{rel}","templated":true}]}}